{"id":4014,"date":"2026-01-15T12:43:48","date_gmt":"2026-01-15T11:43:48","guid":{"rendered":"https:\/\/letempsduclient.com\/?page_id=4014"},"modified":"2026-01-15T22:29:07","modified_gmt":"2026-01-15T21:29:07","slug":"elementor-4014","status":"publish","type":"page","link":"https:\/\/letempsduclient.com\/index.php\/elementor-4014\/","title":{"rendered":"Le Temps du Client notre expertise"},"content":{"rendered":"\t\t<div data-elementor-type=\"wp-page\" data-elementor-id=\"4014\" class=\"elementor elementor-4014\" data-elementor-post-type=\"page\">\n\t\t\t\t\t\t<section class=\"elementor-section elementor-top-section elementor-element elementor-element-87f2f0d elementor-section-boxed elementor-section-height-default elementor-section-height-default\" data-id=\"87f2f0d\" data-element_type=\"section\" data-e-type=\"section\">\n\t\t\t\t\t\t<div class=\"elementor-container elementor-column-gap-default\">\n\t\t\t\t\t<div class=\"elementor-column elementor-col-100 elementor-top-column elementor-element elementor-element-9913932\" data-id=\"9913932\" data-element_type=\"column\" data-e-type=\"column\">\n\t\t\t<div class=\"elementor-widget-wrap elementor-element-populated\">\n\t\t\t\t\t\t<div class=\"elementor-element elementor-element-7d1ff5b elementor-widget elementor-widget-text-editor\" data-id=\"7d1ff5b\" data-element_type=\"widget\" data-e-type=\"widget\" data-widget_type=\"text-editor.default\">\n\t\t\t\t<div class=\"elementor-widget-container\">\n\t\t\t\t\t\t\t\t\t<section class=\"ltdc-service-culture\" aria-labelledby=\"ltdc-title\"><div class=\"ltdc-wrap\"><header class=\"ltdc-hero\"><h1 id=\"ltdc-title\" class=\"ltdc-title\">La culture de la qualit\u00e9 de service<\/h1><p class=\"ltdc-subtitle\">Un levier strat\u00e9gique de performance durable : d\u00e9velopper une culture partag\u00e9e qui transforme chaque interaction<br \/>en opportunit\u00e9 de coh\u00e9rence, d\u2019attention et de confiance.<\/p><h3 class=\"ltdc-nav\" style=\"text-align: center;\" aria-label=\"Navigation dans la page\"><a href=\"#instant\"><span style=\"color: #ff9900;\">Instant de qualit\u00e9<\/span><\/a><br \/><span style=\"color: #ff9900;\"><a style=\"color: #ff9900;\" href=\"#approche\">Approche inside-out<\/a><\/span><br \/><span style=\"color: #ff9900;\"><a style=\"color: #ff9900;\" href=\"#enjeux\">Enjeux<\/a><\/span><br \/><span style=\"color: #ff9900;\"><a style=\"color: #ff9900;\" href=\"#objectifs\">Objectifs<\/a><\/span><br \/><span style=\"color: #ff9900;\"><a style=\"color: #ff9900;\" href=\"#methodes\">M\u00e9thodes<\/a><\/span><br \/><span style=\"color: #ff9900;\"><a style=\"color: #ff9900;\" href=\"#public\">Public<\/a><\/span><\/h3><\/header><p><!-- MAIN GRID --><\/p><div class=\"ltdc-content\"><p><!-- MAIN CONTENT --><\/p><p>\u00a0<\/p><h2 id=\"instant\">La nouvelle monnaie de la fid\u00e9lit\u00e9 : l\u2019instant de qualit\u00e9<\/h2><p>La qualit\u00e9 de service ne se limite plus au produit ou aux processus. Elle se joue dans des moments concrets :<br \/>des points de contact o\u00f9 la comp\u00e9tence, l\u2019attention et l\u2019humanit\u00e9 convergent pour cr\u00e9er une exp\u00e9rience m\u00e9morable.<\/p><p class=\"muted\">Ces <strong>instants de qualit\u00e9<\/strong> influencent la perception du client, favorisent la confiance et participent \u00e0<br \/>une fid\u00e9lisation fond\u00e9e sur l\u2019exp\u00e9rience v\u00e9cue.<\/p><h3 class=\"ltdc-quote\" style=\"text-align: center;\" role=\"note\"><strong><span style=\"color: #ff9900;\">\u00ab Une culture ne se d\u00e9cr\u00e8te pas. Elle se vit. \u00bb<\/span><\/strong><\/h3><div class=\"ltdc-divider\" aria-hidden=\"true\">\u00a0<\/div><h2 id=\"approche\">Une approche \u201cinside-out\u201d<\/h2><p>Cette formation s\u2019appuie sur une conviction structurante : la qualit\u00e9 se construit de l\u2019int\u00e9rieur vers l\u2019ext\u00e9rieur.<br \/>La qualit\u00e9 per\u00e7ue par le client refl\u00e8te la culture v\u00e9cue par les \u00e9quipes.<\/p><ul class=\"ltdc-list\"><li><strong>Individu :<\/strong> une posture juste, du sens, de l\u2019autonomie, de la reconnaissance.<\/li><li><strong>\u00c9quipe :<\/strong> confiance, coop\u00e9ration, engagement et standards partag\u00e9s.<\/li><li><strong>Client :<\/strong> exp\u00e9rience coh\u00e9rente, relation de qualit\u00e9, pr\u00e9f\u00e9rence renforc\u00e9e.<\/li><li><strong>Entreprise :<\/strong> performance durable, attractivit\u00e9 et fid\u00e9lisation des talents.<\/li><\/ul><div class=\"ltdc-divider\" aria-hidden=\"true\">\u00a0<\/div><h2 id=\"enjeux\">Pourquoi se former \u00e0 la culture service?<\/h2><h3 style=\"text-align: left;\">Dans un contexte d\u2019attentes clients \u00e9lev\u00e9es sur leur exp\u00e9rience et de tensions op\u00e9rationnelles, la culture de service devient un facteur<br \/>cl\u00e9 de diff\u00e9renciation. Elle permet d\u2019installer des rep\u00e8res communs et d\u2019aligner les pratiques sur une vision partag\u00e9e.<\/h3><h3 style=\"text-align: center;\"><br \/><strong><span style=\"color: #ff9900;\">L&rsquo;aisance relationnelle est devenue<br \/>une comp\u00e9tence professionnelle majeure dans les m\u00e9tiers de service<\/span><\/strong><\/h3><div class=\"ltdc-divider\" aria-hidden=\"true\">\u00a0<\/div><h2 id=\"objectifs\">Objectifs p\u00e9dagogiques<\/h2><ul class=\"ltdc-list\"><li>Comprendre les fondamentaux d\u2019une culture de la qualit\u00e9 de service.<\/li><li>Identifier son r\u00f4le et son impact dans les instants cl\u00e9s de la relation client.<\/li><li>Ajuster sa posture professionnelle selon les situations de contact.<\/li><li>Contribuer \u00e0 une dynamique collective orient\u00e9e qualit\u00e9.<\/li><li>Relier engagement interne, exp\u00e9rience collaborateur et satisfaction client.<\/li><\/ul><div class=\"ltdc-divider\" aria-hidden=\"true\">\u00a0<\/div><h2 id=\"methodes\">M\u00e9thodes p\u00e9dagogiques<\/h2><p>La formation privil\u00e9gie une p\u00e9dagogie active, adapt\u00e9e \u00e0 un public adulte : alternance d\u2019apports structur\u00e9s,<br \/>d\u2019analyses de situations, d\u2019\u00e9changes de pratiques et d\u2019ancrage op\u00e9rationnel.<\/p><ul class=\"ltdc-list\"><li>Apports courts et structur\u00e9s (rep\u00e8res et vocabulaire commun)<\/li><li>Analyse de situations professionnelles<\/li><li>Mises en situation et d\u00e9briefings<\/li><li>R\u00e9flexion individuelle et engagement d\u2019action<\/li><\/ul><div class=\"ltdc-divider\" aria-hidden=\"true\">\u00a0<\/div><h2 id=\"public\">Public concern\u00e9<\/h2><p>Managers, responsables op\u00e9rationnels, \u00e9quipes en contact avec des clients (internes\/externes),<br \/>formateurs\/r\u00e9f\u00e9rents internes, et toute personne impliqu\u00e9e dans la qualit\u00e9 de la relation de service.<\/p><footer class=\"ltdc-footer\"><p style=\"margin: 0;\">Cette page peut \u00eatre compl\u00e9t\u00e9e (si tu le souhaites) par des informations pratiques : dur\u00e9e, modalit\u00e9s, pr\u00e9requis,<br \/>accessibilit\u00e9, contact, et dates (si variables).<\/p><\/footer><p><!-- ASIDE --><\/p><aside class=\"ltdc-card ltdc-aside\" aria-label=\"Encadr\u00e9 de synth\u00e8se\"><span class=\"ltdc-badge\">Synth\u00e8se<\/span><h2 style=\"margin-top: 0;\">Ce que la formation installe<\/h2><ul class=\"ltdc-list\"><li>Une vision commune de la qualit\u00e9 de service<\/li><li>Des rep\u00e8res concrets sur les moments cl\u00e9s<\/li><li>Une coh\u00e9rence posture \u2192 \u00e9quipe \u2192 client<\/li><li>Un ancrage terrain et des engagements d\u2019action<\/li><\/ul><div class=\"ltdc-divider\" aria-hidden=\"true\">\u00a0<\/div><h2>Prochaine \u00e9tape<\/h2><p class=\"muted\" style=\"margin-bottom: 0;\">Si tu veux, on peut ajouter un bloc \u201cInfos pratiques\u201d (dur\u00e9e, modalit\u00e9s, accessibilit\u00e9, contact)<br \/>sans alourdir la page.<\/p><div class=\"ltdc-cta\" aria-label=\"Actions\"><!-- Remplace # par tes liens WordPress (formulaire, contact, etc.) --><br \/><a class=\"ltdc-btn primary\" role=\"button\" href=\"#\">Demander des informations<\/a><br \/><a class=\"ltdc-btn\" role=\"button\" href=\"#ltdc-title\">Revenir en haut<\/a><\/div><\/aside><\/div><\/div><\/section>\t\t\t\t\t\t\t\t<\/div>\n\t\t\t\t<\/div>\n\t\t\t\t\t<\/div>\n\t\t<\/div>\n\t\t\t\t\t<\/div>\n\t\t<\/section>\n\t\t\t\t<\/div>\n\t\t","protected":false},"excerpt":{"rendered":"<p>La culture de la qualit\u00e9 de service Un levier strat\u00e9gique de performance durable : d\u00e9velopper une culture partag\u00e9e qui transforme chaque interactionen opportunit\u00e9 de coh\u00e9rence, d\u2019attention et de confiance. Instant de qualit\u00e9Approche inside-outEnjeuxObjectifsM\u00e9thodesPublic \u00a0 La nouvelle monnaie de la fid\u00e9lit\u00e9 : l\u2019instant de qualit\u00e9 La qualit\u00e9 de service ne se limite plus au produit ou [&hellip;]<\/p>\n","protected":false},"author":1,"featured_media":0,"parent":0,"menu_order":0,"comment_status":"closed","ping_status":"closed","template":"","meta":{"footnotes":""},"class_list":["post-4014","page","type-page","status-publish","hentry"],"_links":{"self":[{"href":"https:\/\/letempsduclient.com\/index.php\/wp-json\/wp\/v2\/pages\/4014","targetHints":{"allow":["GET"]}}],"collection":[{"href":"https:\/\/letempsduclient.com\/index.php\/wp-json\/wp\/v2\/pages"}],"about":[{"href":"https:\/\/letempsduclient.com\/index.php\/wp-json\/wp\/v2\/types\/page"}],"author":[{"embeddable":true,"href":"https:\/\/letempsduclient.com\/index.php\/wp-json\/wp\/v2\/users\/1"}],"replies":[{"embeddable":true,"href":"https:\/\/letempsduclient.com\/index.php\/wp-json\/wp\/v2\/comments?post=4014"}],"version-history":[{"count":14,"href":"https:\/\/letempsduclient.com\/index.php\/wp-json\/wp\/v2\/pages\/4014\/revisions"}],"predecessor-version":[{"id":4039,"href":"https:\/\/letempsduclient.com\/index.php\/wp-json\/wp\/v2\/pages\/4014\/revisions\/4039"}],"wp:attachment":[{"href":"https:\/\/letempsduclient.com\/index.php\/wp-json\/wp\/v2\/media?parent=4014"}],"curies":[{"name":"wp","href":"https:\/\/api.w.org\/{rel}","templated":true}]}}