{"id":3613,"date":"2023-09-22T17:21:45","date_gmt":"2023-09-22T15:21:45","guid":{"rendered":"https:\/\/letempsduclient.com\/?page_id=3613"},"modified":"2024-06-26T10:13:03","modified_gmt":"2024-06-26T08:13:03","slug":"nos-formations-avec-mise-en-situation-reelle","status":"publish","type":"page","link":"https:\/\/letempsduclient.com\/index.php\/nos-formations-avec-mise-en-situation-reelle\/","title":{"rendered":"Nos Formations avec mise en situation r\u00e9elle"},"content":{"rendered":"\t\t<div data-elementor-type=\"wp-page\" data-elementor-id=\"3613\" class=\"elementor elementor-3613\" data-elementor-post-type=\"page\">\n\t\t\t\t\t\t<section class=\"elementor-section elementor-top-section elementor-element elementor-element-c80a59c elementor-section-boxed elementor-section-height-default elementor-section-height-default\" data-id=\"c80a59c\" data-element_type=\"section\" data-e-type=\"section\">\n\t\t\t\t\t\t<div class=\"elementor-container elementor-column-gap-default\">\n\t\t\t\t\t<div class=\"elementor-column elementor-col-50 elementor-top-column elementor-element elementor-element-d66b236\" data-id=\"d66b236\" data-element_type=\"column\" data-e-type=\"column\">\n\t\t\t<div class=\"elementor-widget-wrap elementor-element-populated\">\n\t\t\t\t\t\t<div class=\"elementor-element elementor-element-f80b86e elementor-widget elementor-widget-text-editor\" data-id=\"f80b86e\" data-element_type=\"widget\" data-e-type=\"widget\" data-widget_type=\"text-editor.default\">\n\t\t\t\t<div class=\"elementor-widget-container\">\n\t\t\t\t\t\t\t\t\t<h2><strong>Boostez la Satisfaction Client!<\/strong><\/h2><p>Des clients qui reviennent le sourire aux l\u00e8vres? La cl\u00e9 ? <br \/>Une \u00e9quipe form\u00e9e, pr\u00eate \u00e0 cr\u00e9er des exp\u00e9riences m\u00e9morables!<\/p><h3>\ud83d\udca1\u00a0 La Formation qui fait la Diff\u00e9rence!<\/h3><p>Notre programme exclusif va au-del\u00e0 du service standard. Nous impliquons vos collaborateurs\u00a0 en acteurs de l\u2019exp\u00e9rience client\u00a0 , ajoutant une touche personnalis\u00e9e \u00e0 chaque interaction.<\/p><h3>\ud83c\udf89\u00a0 Investissement Rentable!<\/h3><p>\u00a0Former vos \u00e9quipes, c&rsquo;est investir dans la satisfaction client,<br \/>la fid\u00e9lisation, et le bouche-\u00e0-oreille positif. <br \/>Une exp\u00e9rience exceptionnelle, c&rsquo;est le meilleur marketing!<\/p><p>\u00a0<\/p>\t\t\t\t\t\t\t\t<\/div>\n\t\t\t\t<\/div>\n\t\t\t\t\t<\/div>\n\t\t<\/div>\n\t\t\t\t<div class=\"elementor-column elementor-col-50 elementor-top-column elementor-element elementor-element-7da54a5\" data-id=\"7da54a5\" data-element_type=\"column\" data-e-type=\"column\">\n\t\t\t<div class=\"elementor-widget-wrap elementor-element-populated\">\n\t\t\t\t\t\t<div class=\"elementor-element elementor-element-ffd6392 elementor-widget elementor-widget-text-editor\" data-id=\"ffd6392\" data-element_type=\"widget\" data-e-type=\"widget\" data-widget_type=\"text-editor.default\">\n\t\t\t\t<div class=\"elementor-widget-container\">\n\t\t\t\t\t\t\t\t\t<p><\/p>\n<h3>&nbsp;\ud83d\udea8&nbsp; R\u00e9pondez aux Attentes Changeantes!<\/h3>\n<p>Le monde \u00e9volue, les attentes clients aussi.<br>Notre formation permet de mobiliser l\u2019\u00e9quipe sur l enchantement client<br>et se remettre en question pour surpasser les attentes, toujours.<\/p>\n<h3>\ud83d\udcaa&nbsp; Votre Succ\u00e8s!<\/h3>\n<p>Nous croyons en la magie de l&rsquo;accueil. Transformez vos clients en fans,<br>vos tables en rendez-vous incontournables.<br>Ne soyez pas un resto, soyez une exp\u00e9rience!<\/p>\n<h3>\ud83d\udcc8 Le R\u00e9sultat?&nbsp;<\/h3>\n<p>Les clients heureux sont vos ambassadeurs<\/p>\t\t\t\t\t\t\t\t<\/div>\n\t\t\t\t<\/div>\n\t\t\t\t\t<\/div>\n\t\t<\/div>\n\t\t\t\t\t<\/div>\n\t\t<\/section>\n\t\t\t\t<section class=\"elementor-section elementor-top-section elementor-element elementor-element-a4704f2 elementor-section-boxed elementor-section-height-default elementor-section-height-default\" data-id=\"a4704f2\" data-element_type=\"section\" data-e-type=\"section\">\n\t\t\t\t\t\t<div class=\"elementor-container elementor-column-gap-default\">\n\t\t\t\t\t<div class=\"elementor-column elementor-col-100 elementor-top-column elementor-element elementor-element-863b2b0\" data-id=\"863b2b0\" data-element_type=\"column\" data-e-type=\"column\">\n\t\t\t<div class=\"elementor-widget-wrap elementor-element-populated\">\n\t\t\t\t\t\t<div class=\"elementor-element elementor-element-5c74f36 elementor-widget__width-initial elementor-widget elementor-widget-text-editor\" data-id=\"5c74f36\" data-element_type=\"widget\" data-e-type=\"widget\" data-widget_type=\"text-editor.default\">\n\t\t\t\t<div class=\"elementor-widget-container\">\n\t\t\t\t\t\t\t\t\t<h2 style=\"text-align: center;\"><span style=\"color: #000000;\"><strong>Un moyen de former les collaborateurs\u00a0 pour d\u00e9velopper les <br \/>comp\u00e9tences relationnelles dans le contact avec les clients <br \/><\/strong><\/span><\/h2>\t\t\t\t\t\t\t\t<\/div>\n\t\t\t\t<\/div>\n\t\t\t\t\t<\/div>\n\t\t<\/div>\n\t\t\t\t\t<\/div>\n\t\t<\/section>\n\t\t\t\t<section class=\"elementor-section elementor-top-section elementor-element elementor-element-ad47c0c elementor-section-boxed elementor-section-height-default elementor-section-height-default\" data-id=\"ad47c0c\" data-element_type=\"section\" data-e-type=\"section\">\n\t\t\t\t\t\t<div class=\"elementor-container elementor-column-gap-default\">\n\t\t\t\t\t<div class=\"elementor-column elementor-col-33 elementor-top-column elementor-element elementor-element-7f9224e\" data-id=\"7f9224e\" data-element_type=\"column\" data-e-type=\"column\">\n\t\t\t<div class=\"elementor-widget-wrap elementor-element-populated\">\n\t\t\t\t\t\t<div class=\"elementor-element elementor-element-c4e33c7 elementor-widget elementor-widget-text-editor\" data-id=\"c4e33c7\" data-element_type=\"widget\" data-e-type=\"widget\" data-widget_type=\"text-editor.default\">\n\t\t\t\t<div class=\"elementor-widget-container\">\n\t\t\t\t\t\t\t\t\t<h2>Apprentissage pratique :<\/h2><p>Les comp\u00e9tences relationnelles sont mieux acquises gr\u00e2ce \u00e0 la pratique r\u00e9elle. En pla\u00e7ant les collaborateurs dans des mises en situation r\u00e9elles, ils ont l&rsquo;occasion de d\u00e9velopper leurs comp\u00e9tences en interagissant directement avec les clients. Cela leur permet de comprendre les d\u00e9fis r\u00e9els auxquels ils seront confront\u00e9s et de s&rsquo;adapter en cons\u00e9quence.<\/p>\t\t\t\t\t\t\t\t<\/div>\n\t\t\t\t<\/div>\n\t\t\t\t\t<\/div>\n\t\t<\/div>\n\t\t\t\t<div class=\"elementor-column elementor-col-33 elementor-top-column elementor-element elementor-element-5be22de\" data-id=\"5be22de\" data-element_type=\"column\" data-e-type=\"column\">\n\t\t\t<div class=\"elementor-widget-wrap elementor-element-populated\">\n\t\t\t\t\t\t<div class=\"elementor-element elementor-element-8474170 elementor-widget elementor-widget-text-editor\" data-id=\"8474170\" data-element_type=\"widget\" data-e-type=\"widget\" data-widget_type=\"text-editor.default\">\n\t\t\t\t<div class=\"elementor-widget-container\">\n\t\t\t\t\t\t\t\t\t<h2>R\u00e9activit\u00e9 et adaptation :<\/h2><p>Les situations r\u00e9elles dans le secteur de la restauration peuvent \u00eatre tr\u00e8s dynamiques et impr\u00e9visibles. En exposant les collaborateurs \u00e0 des sc\u00e9narios r\u00e9els, ils apprennent \u00e0 \u00eatre r\u00e9actifs et \u00e0 s&rsquo;adapter rapidement aux besoins et aux attentes changeants des clients.<\/p>\t\t\t\t\t\t\t\t<\/div>\n\t\t\t\t<\/div>\n\t\t\t\t\t<\/div>\n\t\t<\/div>\n\t\t\t\t<div class=\"elementor-column elementor-col-33 elementor-top-column elementor-element elementor-element-f5a2d03\" data-id=\"f5a2d03\" data-element_type=\"column\" data-e-type=\"column\">\n\t\t\t<div class=\"elementor-widget-wrap elementor-element-populated\">\n\t\t\t\t\t\t<div class=\"elementor-element elementor-element-af97580 elementor-widget elementor-widget-text-editor\" data-id=\"af97580\" data-element_type=\"widget\" data-e-type=\"widget\" data-widget_type=\"text-editor.default\">\n\t\t\t\t<div class=\"elementor-widget-container\">\n\t\t\t\t\t\t\t\t\t<h2>Gestion des \u00e9motions :<\/h2><p>\u00a0Les interactions avec les clients peuvent parfois \u00eatre stressantes. La formation en situation r\u00e9elle permet aux collaborateurs d&rsquo;apprendre \u00e0 g\u00e9rer leurs \u00e9motions et \u00e0 rester calmes, m\u00eame dans des situations tendues. Cela contribue \u00e0 une meilleure exp\u00e9rience client.<\/p>\t\t\t\t\t\t\t\t<\/div>\n\t\t\t\t<\/div>\n\t\t\t\t\t<\/div>\n\t\t<\/div>\n\t\t\t\t\t<\/div>\n\t\t<\/section>\n\t\t\t\t<section class=\"elementor-section elementor-top-section elementor-element elementor-element-25262b8 elementor-section-boxed elementor-section-height-default elementor-section-height-default\" data-id=\"25262b8\" data-element_type=\"section\" data-e-type=\"section\">\n\t\t\t\t\t\t<div class=\"elementor-container elementor-column-gap-default\">\n\t\t\t\t\t<div class=\"elementor-column elementor-col-33 elementor-top-column elementor-element elementor-element-0797caf\" data-id=\"0797caf\" data-element_type=\"column\" data-e-type=\"column\">\n\t\t\t<div class=\"elementor-widget-wrap elementor-element-populated\">\n\t\t\t\t\t\t<div class=\"elementor-element elementor-element-1ed8c95 elementor-widget elementor-widget-text-editor\" data-id=\"1ed8c95\" data-element_type=\"widget\" data-e-type=\"widget\" data-widget_type=\"text-editor.default\">\n\t\t\t\t<div class=\"elementor-widget-container\">\n\t\t\t\t\t\t\t\t\t<h2>Feedback en temps r\u00e9el :<\/h2><p>Lorsque les collaborateurs sont en situation r\u00e9elle, les formateurs et les superviseurs peuvent fournir un feedback en temps r\u00e9el. Cela permet aux apprenants de corriger imm\u00e9diatement leurs erreurs et d&rsquo;am\u00e9liorer leurs comp\u00e9tences au fur et \u00e0 mesure..<\/p>\t\t\t\t\t\t\t\t<\/div>\n\t\t\t\t<\/div>\n\t\t\t\t\t<\/div>\n\t\t<\/div>\n\t\t\t\t<div class=\"elementor-column elementor-col-33 elementor-top-column elementor-element elementor-element-a068aba\" data-id=\"a068aba\" data-element_type=\"column\" data-e-type=\"column\">\n\t\t\t<div class=\"elementor-widget-wrap elementor-element-populated\">\n\t\t\t\t\t\t<div class=\"elementor-element elementor-element-13e4ff6 elementor-widget elementor-widget-text-editor\" data-id=\"13e4ff6\" data-element_type=\"widget\" data-e-type=\"widget\" data-widget_type=\"text-editor.default\">\n\t\t\t\t<div class=\"elementor-widget-container\">\n\t\t\t\t\t\t\t\t\t<h2>Prise de d\u00e9cision\u00a0<\/h2><p>\u00a0Les collaborateurs apprennent \u00e0 prendre des d\u00e9cisions rapides et judicieuses lorsqu&rsquo;ils sont confront\u00e9s \u00e0 des situations r\u00e9elles. Cela peut inclure la gestion des plaintes des clients, la r\u00e9solution de probl\u00e8mes et la prise d&rsquo;initiatives pour am\u00e9liorer l&rsquo;exp\u00e9rience client.<\/p>\t\t\t\t\t\t\t\t<\/div>\n\t\t\t\t<\/div>\n\t\t\t\t\t<\/div>\n\t\t<\/div>\n\t\t\t\t<div class=\"elementor-column elementor-col-33 elementor-top-column elementor-element elementor-element-b765ff3\" data-id=\"b765ff3\" data-element_type=\"column\" data-e-type=\"column\">\n\t\t\t<div class=\"elementor-widget-wrap elementor-element-populated\">\n\t\t\t\t\t\t<div class=\"elementor-element elementor-element-817942d elementor-widget elementor-widget-text-editor\" data-id=\"817942d\" data-element_type=\"widget\" data-e-type=\"widget\" data-widget_type=\"text-editor.default\">\n\t\t\t\t<div class=\"elementor-widget-container\">\n\t\t\t\t\t\t\t\t\t<h2>Confiance en soi :<\/h2><p>\u00a0La pratique dans des situations r\u00e9elles contribue \u00e0 renforcer la confiance en soi des collaborateurs. Plus ils acqui\u00e8rent de l&rsquo;exp\u00e9rience et r\u00e9ussissent dans leurs interactions avec les clients, plus ils d\u00e9veloppent une confiance en leurs comp\u00e9tences relationnelles..<\/p>\t\t\t\t\t\t\t\t<\/div>\n\t\t\t\t<\/div>\n\t\t\t\t\t<\/div>\n\t\t<\/div>\n\t\t\t\t\t<\/div>\n\t\t<\/section>\n\t\t\t\t<section class=\"elementor-section elementor-top-section elementor-element elementor-element-2e9a857 elementor-section-boxed elementor-section-height-default elementor-section-height-default\" data-id=\"2e9a857\" data-element_type=\"section\" data-e-type=\"section\">\n\t\t\t\t\t\t<div class=\"elementor-container elementor-column-gap-default\">\n\t\t\t\t\t<div class=\"elementor-column elementor-col-50 elementor-top-column elementor-element elementor-element-3a0ebba\" data-id=\"3a0ebba\" data-element_type=\"column\" data-e-type=\"column\">\n\t\t\t<div class=\"elementor-widget-wrap elementor-element-populated\">\n\t\t\t\t\t\t<div class=\"elementor-element elementor-element-c82f3af elementor-widget elementor-widget-text-editor\" data-id=\"c82f3af\" data-element_type=\"widget\" data-e-type=\"widget\" data-widget_type=\"text-editor.default\">\n\t\t\t\t<div class=\"elementor-widget-container\">\n\t\t\t\t\t\t\t\t\t<h2>Coh\u00e9sion d&rsquo;\u00e9quipe<\/h2><p>Travailler en \u00e9quipe est essentiel dans le secteur de la restauration. Les mises en situation r\u00e9elles permettent aux collaborateurs de mieux comprendre leur r\u00f4le au sein de l&rsquo;\u00e9quipe et de d\u00e9velopper des comp\u00e9tences de communication interne pour assurer un service fluide<\/p><p>\u00a0<\/p>\t\t\t\t\t\t\t\t<\/div>\n\t\t\t\t<\/div>\n\t\t\t\t\t<\/div>\n\t\t<\/div>\n\t\t\t\t<div class=\"elementor-column elementor-col-50 elementor-top-column elementor-element elementor-element-e9b443e\" data-id=\"e9b443e\" data-element_type=\"column\" data-e-type=\"column\">\n\t\t\t<div class=\"elementor-widget-wrap elementor-element-populated\">\n\t\t\t\t\t\t<div class=\"elementor-element elementor-element-bc40b7a elementor-widget elementor-widget-text-editor\" data-id=\"bc40b7a\" data-element_type=\"widget\" data-e-type=\"widget\" data-widget_type=\"text-editor.default\">\n\t\t\t\t<div class=\"elementor-widget-container\">\n\t\t\t\t\t\t\t\t\t<h2>Fid\u00e9lisation client\u00a0<\/h2><p>\u00a0En formant les collaborateurs \u00e0 fournir un excellent service client gr\u00e2ce \u00e0 des mises en situation r\u00e9elles, les restaurants peuvent am\u00e9liorer la satisfaction des clients, ce qui peut se traduire par une fid\u00e9lisation client accrue et une meilleure r\u00e9putation.<\/p>\t\t\t\t\t\t\t\t<\/div>\n\t\t\t\t<\/div>\n\t\t\t\t\t<\/div>\n\t\t<\/div>\n\t\t\t\t\t<\/div>\n\t\t<\/section>\n\t\t\t\t<section class=\"elementor-section elementor-top-section elementor-element elementor-element-a8fc87f elementor-section-boxed elementor-section-height-default elementor-section-height-default\" data-id=\"a8fc87f\" data-element_type=\"section\" data-e-type=\"section\">\n\t\t\t\t\t\t<div class=\"elementor-container elementor-column-gap-default\">\n\t\t\t\t\t<div class=\"elementor-column elementor-col-100 elementor-top-column elementor-element elementor-element-bb77481\" data-id=\"bb77481\" data-element_type=\"column\" data-e-type=\"column\">\n\t\t\t<div class=\"elementor-widget-wrap elementor-element-populated\">\n\t\t\t\t\t\t<div class=\"elementor-element elementor-element-e8c1abe elementor-widget elementor-widget-text-editor\" data-id=\"e8c1abe\" data-element_type=\"widget\" data-e-type=\"widget\" data-widget_type=\"text-editor.default\">\n\t\t\t\t<div class=\"elementor-widget-container\">\n\t\t\t\t\t\t\t\t\t<h4>Nos formations\u00a0 avec des mises en situation r\u00e9elles offrent une exp\u00e9rience d&rsquo;apprentissage immersive qui permet aux collaborateurs de d\u00e9velopper des comp\u00e9tences relationnelles essentielles.<\/h4><h4>Les situations sont film\u00e9es\u00a0 pour mettre en valeur et partager les meilleures pratiques , et permettre \u00e0 chaque participant d &lsquo;identifier ses points forts et ses axes d &lsquo;am\u00e9lioration<\/h4><h4>Notre p\u00e9dagogie d\u00e9veloppe la confiance en soi, favorise la r\u00e9activit\u00e9, la gestion des \u00e9motions et la prise de d\u00e9cision, tout en am\u00e9liorant la qualit\u00e9 du service client, ce qui en fait un des meilleur moyens de former efficacement les collaborateurs qui sont au contact des clients dans l h\u00f4tellerie et la restauration.<\/h4>\t\t\t\t\t\t\t\t<\/div>\n\t\t\t\t<\/div>\n\t\t\t\t\t<\/div>\n\t\t<\/div>\n\t\t\t\t\t<\/div>\n\t\t<\/section>\n\t\t\t\t<\/div>\n\t\t","protected":false},"excerpt":{"rendered":"<p>Boostez la Satisfaction Client! Des clients qui reviennent le sourire aux l\u00e8vres? La cl\u00e9 ? Une \u00e9quipe form\u00e9e, pr\u00eate \u00e0 cr\u00e9er des exp\u00e9riences m\u00e9morables! \ud83d\udca1\u00a0 La Formation qui fait la Diff\u00e9rence! Notre programme exclusif va au-del\u00e0 du service standard. Nous impliquons vos collaborateurs\u00a0 en acteurs de l\u2019exp\u00e9rience client\u00a0 , ajoutant une touche personnalis\u00e9e \u00e0 chaque [&hellip;]<\/p>\n","protected":false},"author":1,"featured_media":0,"parent":0,"menu_order":0,"comment_status":"closed","ping_status":"closed","template":"","meta":{"footnotes":""},"class_list":["post-3613","page","type-page","status-publish","hentry"],"_links":{"self":[{"href":"https:\/\/letempsduclient.com\/index.php\/wp-json\/wp\/v2\/pages\/3613","targetHints":{"allow":["GET"]}}],"collection":[{"href":"https:\/\/letempsduclient.com\/index.php\/wp-json\/wp\/v2\/pages"}],"about":[{"href":"https:\/\/letempsduclient.com\/index.php\/wp-json\/wp\/v2\/types\/page"}],"author":[{"embeddable":true,"href":"https:\/\/letempsduclient.com\/index.php\/wp-json\/wp\/v2\/users\/1"}],"replies":[{"embeddable":true,"href":"https:\/\/letempsduclient.com\/index.php\/wp-json\/wp\/v2\/comments?post=3613"}],"version-history":[{"count":37,"href":"https:\/\/letempsduclient.com\/index.php\/wp-json\/wp\/v2\/pages\/3613\/revisions"}],"predecessor-version":[{"id":3855,"href":"https:\/\/letempsduclient.com\/index.php\/wp-json\/wp\/v2\/pages\/3613\/revisions\/3855"}],"wp:attachment":[{"href":"https:\/\/letempsduclient.com\/index.php\/wp-json\/wp\/v2\/media?parent=3613"}],"curies":[{"name":"wp","href":"https:\/\/api.w.org\/{rel}","templated":true}]}}