{"id":3043,"date":"2022-02-17T15:35:27","date_gmt":"2022-02-17T14:35:27","guid":{"rendered":"https:\/\/letempsduclient.com\/?page_id=3043"},"modified":"2023-09-28T10:55:52","modified_gmt":"2023-09-28T08:55:52","slug":"contact","status":"publish","type":"page","link":"https:\/\/letempsduclient.com\/index.php\/contact\/","title":{"rendered":"Contact"},"content":{"rendered":"<h3><strong>L&rsquo;\u00e9quipe du Temps du client est \u00e0 votre \u00e9coute,<\/strong><\/h3>\n<h3><strong> laissez &#8211; nous un message, nous nous engageons \u00e0 y r\u00e9pondre sous 48H<\/strong><\/h3>\n<h2>Contact<\/h2>\n<p>&nbsp;Contact : T\u00e9l\u00e9phone 01 45 46 11 00&nbsp;&nbsp; du lundi au vendredi de 9 h 00 \u00e0 18h 00<\/p>\n<p>&nbsp; Contact :&nbsp; philippe.chazal@letempsduclient.com<\/p>\n","protected":false},"excerpt":{"rendered":"<p>L&rsquo;\u00e9quipe du Temps du client est \u00e0 votre \u00e9coute, laissez &#8211; nous un message, nous nous engageons \u00e0 y r\u00e9pondre sous 48H Contact &nbsp;Contact : T\u00e9l\u00e9phone 01 45 46 11 00&nbsp;&nbsp; du lundi au vendredi de 9 h 00 \u00e0 18h 00 &nbsp; Contact :&nbsp; philippe.chazal@letempsduclient.com<\/p>\n","protected":false},"author":1,"featured_media":0,"parent":0,"menu_order":0,"comment_status":"closed","ping_status":"closed","template":"","meta":{"footnotes":""},"class_list":["post-3043","page","type-page","status-publish","hentry"],"_links":{"self":[{"href":"https:\/\/letempsduclient.com\/index.php\/wp-json\/wp\/v2\/pages\/3043","targetHints":{"allow":["GET"]}}],"collection":[{"href":"https:\/\/letempsduclient.com\/index.php\/wp-json\/wp\/v2\/pages"}],"about":[{"href":"https:\/\/letempsduclient.com\/index.php\/wp-json\/wp\/v2\/types\/page"}],"author":[{"embeddable":true,"href":"https:\/\/letempsduclient.com\/index.php\/wp-json\/wp\/v2\/users\/1"}],"replies":[{"embeddable":true,"href":"https:\/\/letempsduclient.com\/index.php\/wp-json\/wp\/v2\/comments?post=3043"}],"version-history":[{"count":14,"href":"https:\/\/letempsduclient.com\/index.php\/wp-json\/wp\/v2\/pages\/3043\/revisions"}],"predecessor-version":[{"id":3755,"href":"https:\/\/letempsduclient.com\/index.php\/wp-json\/wp\/v2\/pages\/3043\/revisions\/3755"}],"wp:attachment":[{"href":"https:\/\/letempsduclient.com\/index.php\/wp-json\/wp\/v2\/media?parent=3043"}],"curies":[{"name":"wp","href":"https:\/\/api.w.org\/{rel}","templated":true}]}}