{"id":3029,"date":"2022-02-17T15:30:12","date_gmt":"2022-02-17T14:30:12","guid":{"rendered":"https:\/\/letempsduclient.com\/?page_id=3029"},"modified":"2023-04-07T20:27:30","modified_gmt":"2023-04-07T18:27:30","slug":"nos-principes-pedagogiques","status":"publish","type":"page","link":"https:\/\/letempsduclient.com\/index.php\/nos-principes-pedagogiques\/","title":{"rendered":"Nos principes p\u00e9dagogiques"},"content":{"rendered":"\t\t<div data-elementor-type=\"wp-page\" data-elementor-id=\"3029\" class=\"elementor elementor-3029\" data-elementor-post-type=\"page\">\n\t\t\t\t\t\t<section class=\"elementor-section elementor-top-section elementor-element elementor-element-04f24d3 elementor-section-boxed elementor-section-height-default elementor-section-height-default\" data-id=\"04f24d3\" data-element_type=\"section\" data-e-type=\"section\">\n\t\t\t\t\t\t<div class=\"elementor-container elementor-column-gap-default\">\n\t\t\t\t\t<div class=\"elementor-column elementor-col-50 elementor-top-column elementor-element elementor-element-54daa3c\" data-id=\"54daa3c\" data-element_type=\"column\" data-e-type=\"column\">\n\t\t\t<div class=\"elementor-widget-wrap elementor-element-populated\">\n\t\t\t\t\t\t<div class=\"elementor-element elementor-element-7acae17 elementor-widget elementor-widget-text-editor\" data-id=\"7acae17\" data-element_type=\"widget\" data-e-type=\"widget\" data-widget_type=\"text-editor.default\">\n\t\t\t\t<div class=\"elementor-widget-container\">\n\t\t\t\t\t\t\t\t\t<h2><strong>Nos principes p\u00e9dagogiques<\/strong><\/h2><p>Le partage des bonnes pratiques\u00a0:<\/p><p><em>\u00a0Et si tout le monde faisait comme le meilleur ?Changer les attitudes Modifier les comportements Capitaliser sur les bonnes pratiques<\/em><\/p><p><em>Les formations sur site, <\/em><em>avec de la mise en pratique pendant le service, ou les situations r\u00e9elles de contact client constituent une s\u00e9quence \u00e0 part enti\u00e8re de l\u2019action de formation<\/em><\/p><p>L\u2019implication de l\u2019encadrement<\/p><p><em>Avant, pendant et apr\u00e8s le formation<\/em><\/p>\t\t\t\t\t\t\t\t<\/div>\n\t\t\t\t<\/div>\n\t\t\t\t\t<\/div>\n\t\t<\/div>\n\t\t\t\t<div class=\"elementor-column elementor-col-50 elementor-top-column elementor-element elementor-element-f247c98\" data-id=\"f247c98\" data-element_type=\"column\" data-e-type=\"column\">\n\t\t\t<div class=\"elementor-widget-wrap elementor-element-populated\">\n\t\t\t\t\t\t<div class=\"elementor-element elementor-element-b0fa81a elementor-widget elementor-widget-image\" data-id=\"b0fa81a\" data-element_type=\"widget\" data-e-type=\"widget\" data-widget_type=\"image.default\">\n\t\t\t\t<div class=\"elementor-widget-container\">\n\t\t\t\t\t\t\t\t\t\t\t\t\t\t\t<img fetchpriority=\"high\" decoding=\"async\" width=\"800\" height=\"534\" src=\"https:\/\/letempsduclient.com\/wp-content\/uploads\/2022\/03\/17109057-1024x683.jpg\" class=\"attachment-large size-large wp-image-3321\" alt=\"\" srcset=\"https:\/\/letempsduclient.com\/wp-content\/uploads\/2022\/03\/17109057-1024x683.jpg 1024w, https:\/\/letempsduclient.com\/wp-content\/uploads\/2022\/03\/17109057-300x200.jpg 300w, https:\/\/letempsduclient.com\/wp-content\/uploads\/2022\/03\/17109057-768x512.jpg 768w, https:\/\/letempsduclient.com\/wp-content\/uploads\/2022\/03\/17109057-1536x1024.jpg 1536w, https:\/\/letempsduclient.com\/wp-content\/uploads\/2022\/03\/17109057-2048x1365.jpg 2048w\" sizes=\"(max-width: 800px) 100vw, 800px\" \/>\t\t\t\t\t\t\t\t\t\t\t\t\t\t\t<\/div>\n\t\t\t\t<\/div>\n\t\t\t\t\t<\/div>\n\t\t<\/div>\n\t\t\t\t\t<\/div>\n\t\t<\/section>\n\t\t\t\t<section class=\"elementor-section elementor-top-section elementor-element elementor-element-f94908d elementor-section-boxed elementor-section-height-default elementor-section-height-default\" data-id=\"f94908d\" data-element_type=\"section\" data-e-type=\"section\">\n\t\t\t\t\t\t<div class=\"elementor-container elementor-column-gap-default\">\n\t\t\t\t\t<div class=\"elementor-column elementor-col-50 elementor-top-column elementor-element elementor-element-b35a7ac\" data-id=\"b35a7ac\" data-element_type=\"column\" data-e-type=\"column\">\n\t\t\t<div class=\"elementor-widget-wrap elementor-element-populated\">\n\t\t\t\t\t\t<div class=\"elementor-element elementor-element-e694754 elementor-widget elementor-widget-image\" data-id=\"e694754\" data-element_type=\"widget\" data-e-type=\"widget\" data-widget_type=\"image.default\">\n\t\t\t\t<div class=\"elementor-widget-container\">\n\t\t\t\t\t\t\t\t\t\t\t\t\t\t\t<img decoding=\"async\" width=\"800\" height=\"534\" src=\"https:\/\/letempsduclient.com\/wp-content\/uploads\/2022\/03\/43276455_m-1024x683.jpg\" class=\"attachment-large size-large wp-image-3322\" alt=\"\" srcset=\"https:\/\/letempsduclient.com\/wp-content\/uploads\/2022\/03\/43276455_m-1024x683.jpg 1024w, https:\/\/letempsduclient.com\/wp-content\/uploads\/2022\/03\/43276455_m-300x200.jpg 300w, https:\/\/letempsduclient.com\/wp-content\/uploads\/2022\/03\/43276455_m-768x513.jpg 768w, https:\/\/letempsduclient.com\/wp-content\/uploads\/2022\/03\/43276455_m-1536x1025.jpg 1536w, https:\/\/letempsduclient.com\/wp-content\/uploads\/2022\/03\/43276455_m-2048x1367.jpg 2048w\" sizes=\"(max-width: 800px) 100vw, 800px\" \/>\t\t\t\t\t\t\t\t\t\t\t\t\t\t\t<\/div>\n\t\t\t\t<\/div>\n\t\t\t\t\t<\/div>\n\t\t<\/div>\n\t\t\t\t<div class=\"elementor-column elementor-col-50 elementor-top-column elementor-element elementor-element-2afcbae\" data-id=\"2afcbae\" data-element_type=\"column\" data-e-type=\"column\">\n\t\t\t<div class=\"elementor-widget-wrap elementor-element-populated\">\n\t\t\t\t\t\t<div class=\"elementor-element elementor-element-9961bd0 elementor-widget elementor-widget-text-editor\" data-id=\"9961bd0\" data-element_type=\"widget\" data-e-type=\"widget\" data-widget_type=\"text-editor.default\">\n\t\t\t\t<div class=\"elementor-widget-container\">\n\t\t\t\t\t\t\t\t\t<p><em>Avec quel sourire sont accueillis vos clients ?<\/em><\/p><ul><li><em> Comment mettre en confiance et fid\u00e9liser un nouveau client ?<\/em><\/li><li><em> Comment agir avec un client qui ne dit pas \u00ab Bonjour \u00bb ?<\/em><\/li><li><em> Quand et comment prendre en compte le temps du client ?<\/em><\/li><li><em> Comment faire avec un client press\u00e9 et ind\u00e9cis ?<\/em><\/li><li><em> Vos \u00e9quipes savent-elles valoriser les sp\u00e9cialit\u00e9s de leur carte ?<\/em><\/li><li><em> Votre serveur sait-il d\u00e9crire un produit qu\u2019il n\u2019aime pas ?<\/em><\/li><li><em> Comment apporter une attention qui touche, un geste qui fait plaisir ?<br \/><br \/><\/em><\/li><\/ul><p><em>Une solution\u00a0 :\u00a0 leur montrer \u00abquels sont leurs comportements avec les clients dans votre restaurant \u00bb <\/em><\/p><p><em>Vos \u00e9quipes de salle se sont-elles d\u00e9j\u00e0 observ\u00e9es pendant le service ?<\/em><\/p><p>\u00a0<\/p>\t\t\t\t\t\t\t\t<\/div>\n\t\t\t\t<\/div>\n\t\t\t\t\t<\/div>\n\t\t<\/div>\n\t\t\t\t\t<\/div>\n\t\t<\/section>\n\t\t\t\t<section class=\"elementor-section elementor-top-section elementor-element elementor-element-20c9174 elementor-section-boxed elementor-section-height-default elementor-section-height-default\" data-id=\"20c9174\" data-element_type=\"section\" data-e-type=\"section\">\n\t\t\t\t\t\t<div class=\"elementor-container elementor-column-gap-default\">\n\t\t\t\t\t<div class=\"elementor-column elementor-col-50 elementor-top-column elementor-element elementor-element-2f8bced\" data-id=\"2f8bced\" data-element_type=\"column\" data-e-type=\"column\">\n\t\t\t<div class=\"elementor-widget-wrap elementor-element-populated\">\n\t\t\t\t\t\t<div class=\"elementor-element elementor-element-5fb99e7 elementor-widget elementor-widget-text-editor\" data-id=\"5fb99e7\" data-element_type=\"widget\" data-e-type=\"widget\" data-widget_type=\"text-editor.default\">\n\t\t\t\t<div class=\"elementor-widget-container\">\n\t\t\t\t\t\t\t\t\t<p><em>\u00a0<\/em><em>Des exemples des effets de nos actions de formation<\/em><\/p><ul><li><em>Augmentation du Ticket moyen\u00a0 <br \/><\/em><\/li><li><em>Indice Qualit\u00e9 mesur\u00e9+ 26% sur un r\u00e9seau<\/em><\/li><li><em>+ 20% de clients nouveaux qui reviennent<\/em><\/li><li><em>Motivation pour le m\u00e9tier de jeune serveur: baisse de 30 % du turn-over<\/em><\/li><li><em>Passage d\u2019un service \u00ab banal \u00bb \u00e0 un service \u00bb personnalis\u00e9 \u00bb<\/em><\/li><li><em>Mod\u00e9lisation du \u00ab comment font les autres \u00bb et appropriation personnelle<\/em><\/li><li><em>Fr\u00e9quentation en hausse + 4,5 %<\/em><\/li><li><em>Cr\u00e9ation d\u2019un registre de 30 phrases qui vendent <\/em><\/li><li><em>D\u00e9veloppement du sentiment d\u2019appartenance et de l&rsquo;esprit d\u2019\u00e9quipe<\/em><\/li><\/ul><p><em>\u00a0<\/em><\/p><p>\u00a0<\/p>\t\t\t\t\t\t\t\t<\/div>\n\t\t\t\t<\/div>\n\t\t\t\t\t<\/div>\n\t\t<\/div>\n\t\t\t\t<div class=\"elementor-column elementor-col-50 elementor-top-column elementor-element elementor-element-ae2a4b5\" data-id=\"ae2a4b5\" data-element_type=\"column\" data-e-type=\"column\">\n\t\t\t<div class=\"elementor-widget-wrap elementor-element-populated\">\n\t\t\t\t\t\t<div class=\"elementor-element elementor-element-b629f86 elementor-widget elementor-widget-image\" data-id=\"b629f86\" data-element_type=\"widget\" data-e-type=\"widget\" data-widget_type=\"image.default\">\n\t\t\t\t<div class=\"elementor-widget-container\">\n\t\t\t\t\t\t\t\t\t\t\t\t\t\t\t<img decoding=\"async\" width=\"800\" height=\"533\" src=\"https:\/\/letempsduclient.com\/wp-content\/uploads\/2022\/03\/19379820_m-1024x682.jpg\" class=\"attachment-large size-large wp-image-3323\" alt=\"\" srcset=\"https:\/\/letempsduclient.com\/wp-content\/uploads\/2022\/03\/19379820_m-1024x682.jpg 1024w, https:\/\/letempsduclient.com\/wp-content\/uploads\/2022\/03\/19379820_m-300x200.jpg 300w, https:\/\/letempsduclient.com\/wp-content\/uploads\/2022\/03\/19379820_m-768x511.jpg 768w, https:\/\/letempsduclient.com\/wp-content\/uploads\/2022\/03\/19379820_m-1536x1023.jpg 1536w, https:\/\/letempsduclient.com\/wp-content\/uploads\/2022\/03\/19379820_m-2048x1363.jpg 2048w\" sizes=\"(max-width: 800px) 100vw, 800px\" \/>\t\t\t\t\t\t\t\t\t\t\t\t\t\t\t<\/div>\n\t\t\t\t<\/div>\n\t\t\t\t\t<\/div>\n\t\t<\/div>\n\t\t\t\t\t<\/div>\n\t\t<\/section>\n\t\t\t\t<section class=\"elementor-section elementor-top-section elementor-element elementor-element-454719a elementor-section-boxed elementor-section-height-default elementor-section-height-default\" data-id=\"454719a\" data-element_type=\"section\" data-e-type=\"section\">\n\t\t\t\t\t\t<div class=\"elementor-container elementor-column-gap-default\">\n\t\t\t\t\t<div class=\"elementor-column elementor-col-50 elementor-top-column elementor-element elementor-element-8196335\" data-id=\"8196335\" data-element_type=\"column\" data-e-type=\"column\">\n\t\t\t<div class=\"elementor-widget-wrap\">\n\t\t\t\t\t\t\t<\/div>\n\t\t<\/div>\n\t\t\t\t<div class=\"elementor-column elementor-col-50 elementor-top-column elementor-element elementor-element-649bad6\" data-id=\"649bad6\" data-element_type=\"column\" data-e-type=\"column\">\n\t\t\t<div class=\"elementor-widget-wrap\">\n\t\t\t\t\t\t\t<\/div>\n\t\t<\/div>\n\t\t\t\t\t<\/div>\n\t\t<\/section>\n\t\t\t\t<\/div>\n\t\t","protected":false},"excerpt":{"rendered":"<p>Nos principes p\u00e9dagogiques Le partage des bonnes pratiques\u00a0: \u00a0Et si tout le monde faisait comme le meilleur ?Changer les attitudes Modifier les comportements Capitaliser sur les bonnes pratiques Les formations sur site, avec de la mise en pratique pendant le service, ou les situations r\u00e9elles de contact client constituent une s\u00e9quence \u00e0 part enti\u00e8re de [&hellip;]<\/p>\n","protected":false},"author":1,"featured_media":0,"parent":0,"menu_order":0,"comment_status":"closed","ping_status":"closed","template":"","meta":{"footnotes":""},"class_list":["post-3029","page","type-page","status-publish","hentry"],"_links":{"self":[{"href":"https:\/\/letempsduclient.com\/index.php\/wp-json\/wp\/v2\/pages\/3029","targetHints":{"allow":["GET"]}}],"collection":[{"href":"https:\/\/letempsduclient.com\/index.php\/wp-json\/wp\/v2\/pages"}],"about":[{"href":"https:\/\/letempsduclient.com\/index.php\/wp-json\/wp\/v2\/types\/page"}],"author":[{"embeddable":true,"href":"https:\/\/letempsduclient.com\/index.php\/wp-json\/wp\/v2\/users\/1"}],"replies":[{"embeddable":true,"href":"https:\/\/letempsduclient.com\/index.php\/wp-json\/wp\/v2\/comments?post=3029"}],"version-history":[{"count":6,"href":"https:\/\/letempsduclient.com\/index.php\/wp-json\/wp\/v2\/pages\/3029\/revisions"}],"predecessor-version":[{"id":3521,"href":"https:\/\/letempsduclient.com\/index.php\/wp-json\/wp\/v2\/pages\/3029\/revisions\/3521"}],"wp:attachment":[{"href":"https:\/\/letempsduclient.com\/index.php\/wp-json\/wp\/v2\/media?parent=3029"}],"curies":[{"name":"wp","href":"https:\/\/api.w.org\/{rel}","templated":true}]}}