{"id":3011,"date":"2022-02-17T15:17:57","date_gmt":"2022-02-17T14:17:57","guid":{"rendered":"https:\/\/letempsduclient.com\/?page_id=3011"},"modified":"2023-04-07T20:22:26","modified_gmt":"2023-04-07T18:22:26","slug":"qui-sommes-nous","status":"publish","type":"page","link":"https:\/\/letempsduclient.com\/index.php\/qui-sommes-nous\/","title":{"rendered":"Nos domaines d&rsquo;intervention"},"content":{"rendered":"\t\t<div data-elementor-type=\"wp-page\" data-elementor-id=\"3011\" class=\"elementor elementor-3011\" data-elementor-post-type=\"page\">\n\t\t\t\t\t\t<section class=\"elementor-section elementor-top-section elementor-element elementor-element-5204fec elementor-section-boxed elementor-section-height-default elementor-section-height-default\" data-id=\"5204fec\" data-element_type=\"section\" data-e-type=\"section\">\n\t\t\t\t\t\t<div class=\"elementor-container elementor-column-gap-default\">\n\t\t\t\t\t<div class=\"elementor-column elementor-col-100 elementor-top-column elementor-element elementor-element-cde7d78\" data-id=\"cde7d78\" data-element_type=\"column\" data-e-type=\"column\">\n\t\t\t<div class=\"elementor-widget-wrap elementor-element-populated\">\n\t\t\t\t\t\t<div class=\"elementor-element elementor-element-7e7b47c elementor-widget elementor-widget-text-editor\" data-id=\"7e7b47c\" data-element_type=\"widget\" data-e-type=\"widget\" data-widget_type=\"text-editor.default\">\n\t\t\t\t<div class=\"elementor-widget-container\">\n\t\t\t\t\t\t\t\t\t<h2><strong>Nos domaines d\u2019intervention<\/strong><\/h2>\n<p><\/p>\t\t\t\t\t\t\t\t<\/div>\n\t\t\t\t<\/div>\n\t\t\t\t\t<\/div>\n\t\t<\/div>\n\t\t\t\t\t<\/div>\n\t\t<\/section>\n\t\t\t\t<section class=\"elementor-section elementor-top-section elementor-element elementor-element-08b7fea elementor-section-boxed elementor-section-height-default elementor-section-height-default\" data-id=\"08b7fea\" data-element_type=\"section\" data-e-type=\"section\">\n\t\t\t\t\t\t<div class=\"elementor-container elementor-column-gap-default\">\n\t\t\t\t\t<div class=\"elementor-column elementor-col-33 elementor-top-column elementor-element elementor-element-5090fdc\" data-id=\"5090fdc\" data-element_type=\"column\" data-e-type=\"column\">\n\t\t\t<div class=\"elementor-widget-wrap elementor-element-populated\">\n\t\t\t\t\t\t<div class=\"elementor-element elementor-element-526610d elementor-widget elementor-widget-text-editor\" data-id=\"526610d\" data-element_type=\"widget\" data-e-type=\"widget\" data-widget_type=\"text-editor.default\">\n\t\t\t\t<div class=\"elementor-widget-container\">\n\t\t\t\t\t\t\t\t\t<p><strong>Management<\/strong><\/p><p>Int\u00e9grer la qualit\u00e9 de service dans son Management op\u00e9rationnel pour mobiliser l\u2019ensemble de l\u2019\u00e9quipe dans le cadre du projet de service de l\u2019\u00e9tablissement<\/p>\t\t\t\t\t\t\t\t<\/div>\n\t\t\t\t<\/div>\n\t\t\t\t\t<\/div>\n\t\t<\/div>\n\t\t\t\t<div class=\"elementor-column elementor-col-33 elementor-top-column elementor-element elementor-element-9321947\" data-id=\"9321947\" data-element_type=\"column\" data-e-type=\"column\">\n\t\t\t<div class=\"elementor-widget-wrap elementor-element-populated\">\n\t\t\t\t\t\t<div class=\"elementor-element elementor-element-4ae9a42 elementor-widget elementor-widget-image\" data-id=\"4ae9a42\" data-element_type=\"widget\" data-e-type=\"widget\" data-widget_type=\"image.default\">\n\t\t\t\t<div class=\"elementor-widget-container\">\n\t\t\t\t\t\t\t\t\t\t\t\t\t\t\t<img fetchpriority=\"high\" decoding=\"async\" width=\"300\" height=\"200\" src=\"https:\/\/letempsduclient.com\/wp-content\/uploads\/2022\/03\/26768951_m-300x200.jpg\" class=\"attachment-medium size-medium wp-image-3314\" alt=\"\" srcset=\"https:\/\/letempsduclient.com\/wp-content\/uploads\/2022\/03\/26768951_m-300x200.jpg 300w, https:\/\/letempsduclient.com\/wp-content\/uploads\/2022\/03\/26768951_m-1024x683.jpg 1024w, https:\/\/letempsduclient.com\/wp-content\/uploads\/2022\/03\/26768951_m-768x512.jpg 768w, https:\/\/letempsduclient.com\/wp-content\/uploads\/2022\/03\/26768951_m-1536x1024.jpg 1536w, https:\/\/letempsduclient.com\/wp-content\/uploads\/2022\/03\/26768951_m-2048x1365.jpg 2048w\" sizes=\"(max-width: 300px) 100vw, 300px\" \/>\t\t\t\t\t\t\t\t\t\t\t\t\t\t\t<\/div>\n\t\t\t\t<\/div>\n\t\t\t\t\t<\/div>\n\t\t<\/div>\n\t\t\t\t<div class=\"elementor-column elementor-col-33 elementor-top-column elementor-element elementor-element-60796a9\" data-id=\"60796a9\" data-element_type=\"column\" data-e-type=\"column\">\n\t\t\t<div class=\"elementor-widget-wrap elementor-element-populated\">\n\t\t\t\t\t\t<div class=\"elementor-element elementor-element-e3c2468 elementor-widget elementor-widget-text-editor\" data-id=\"e3c2468\" data-element_type=\"widget\" data-e-type=\"widget\" data-widget_type=\"text-editor.default\">\n\t\t\t\t<div class=\"elementor-widget-container\">\n\t\t\t\t\t\t\t\t\t<p><strong><em>Notre mod\u00e8le\u00a0: <br \/><\/em><\/strong><\/p><p><strong><em>Partager le RIRE<\/em><\/strong><em>\u00a0:<\/em><\/p><p><em><strong>R<\/strong>esponsabiliser, <strong>I<\/strong>nformer, <strong>R<\/strong>econnaitre , <strong>E<\/strong>voluer<\/em><\/p>\t\t\t\t\t\t\t\t<\/div>\n\t\t\t\t<\/div>\n\t\t\t\t\t<\/div>\n\t\t<\/div>\n\t\t\t\t\t<\/div>\n\t\t<\/section>\n\t\t\t\t<section class=\"elementor-section elementor-top-section elementor-element elementor-element-2fdebf7 elementor-section-boxed elementor-section-height-default elementor-section-height-default\" data-id=\"2fdebf7\" data-element_type=\"section\" data-e-type=\"section\">\n\t\t\t\t\t\t<div class=\"elementor-container elementor-column-gap-default\">\n\t\t\t\t\t<div class=\"elementor-column elementor-col-33 elementor-top-column elementor-element elementor-element-10c53c7\" data-id=\"10c53c7\" data-element_type=\"column\" data-e-type=\"column\">\n\t\t\t<div class=\"elementor-widget-wrap elementor-element-populated\">\n\t\t\t\t\t\t<div class=\"elementor-element elementor-element-88a6429 elementor-widget elementor-widget-text-editor\" data-id=\"88a6429\" data-element_type=\"widget\" data-e-type=\"widget\" data-widget_type=\"text-editor.default\">\n\t\t\t\t<div class=\"elementor-widget-container\">\n\t\t\t\t\t\t\t\t\t<p><strong>Equipes<\/strong><\/p><p>Prendre plaisir \u00e0 Personnaliser la relation et les attentions offertes aux clients et valoriser les comportements commerciaux<\/p><p>\u00a0<\/p>\t\t\t\t\t\t\t\t<\/div>\n\t\t\t\t<\/div>\n\t\t\t\t\t<\/div>\n\t\t<\/div>\n\t\t\t\t<div class=\"elementor-column elementor-col-33 elementor-top-column elementor-element elementor-element-86f19f5\" data-id=\"86f19f5\" data-element_type=\"column\" data-e-type=\"column\">\n\t\t\t<div class=\"elementor-widget-wrap elementor-element-populated\">\n\t\t\t\t\t\t<div class=\"elementor-element elementor-element-ac42ec9 elementor-widget elementor-widget-image\" data-id=\"ac42ec9\" data-element_type=\"widget\" data-e-type=\"widget\" data-widget_type=\"image.default\">\n\t\t\t\t<div class=\"elementor-widget-container\">\n\t\t\t\t\t\t\t\t\t\t\t\t\t\t\t<img decoding=\"async\" width=\"300\" height=\"200\" src=\"https:\/\/letempsduclient.com\/wp-content\/uploads\/2022\/03\/22086494_m-300x200.jpg\" class=\"attachment-medium size-medium wp-image-3315\" alt=\"\" srcset=\"https:\/\/letempsduclient.com\/wp-content\/uploads\/2022\/03\/22086494_m-300x200.jpg 300w, https:\/\/letempsduclient.com\/wp-content\/uploads\/2022\/03\/22086494_m-1024x683.jpg 1024w, https:\/\/letempsduclient.com\/wp-content\/uploads\/2022\/03\/22086494_m-768x513.jpg 768w, https:\/\/letempsduclient.com\/wp-content\/uploads\/2022\/03\/22086494_m-1536x1025.jpg 1536w, https:\/\/letempsduclient.com\/wp-content\/uploads\/2022\/03\/22086494_m-2048x1367.jpg 2048w\" sizes=\"(max-width: 300px) 100vw, 300px\" \/>\t\t\t\t\t\t\t\t\t\t\t\t\t\t\t<\/div>\n\t\t\t\t<\/div>\n\t\t\t\t\t<\/div>\n\t\t<\/div>\n\t\t\t\t<div class=\"elementor-column elementor-col-33 elementor-top-column elementor-element elementor-element-af68a63\" data-id=\"af68a63\" data-element_type=\"column\" data-e-type=\"column\">\n\t\t\t<div class=\"elementor-widget-wrap elementor-element-populated\">\n\t\t\t\t\t\t<div class=\"elementor-element elementor-element-f227830 elementor-widget elementor-widget-text-editor\" data-id=\"f227830\" data-element_type=\"widget\" data-e-type=\"widget\" data-widget_type=\"text-editor.default\">\n\t\t\t\t<div class=\"elementor-widget-container\">\n\t\t\t\t\t\t\t\t\t<p><strong><em>Notre mod\u00e8le\u00a0:<\/em><\/strong><\/p><p><strong><em> Le juste PRIX<\/em><\/strong><em>\u00a0 pour le client !!<\/em><\/p><p><em><strong>P<\/strong>restation, <strong>R<\/strong>elation, <strong>I<\/strong>nteractions, e<strong>X<\/strong>p\u00e9rience client<\/em><\/p>\t\t\t\t\t\t\t\t<\/div>\n\t\t\t\t<\/div>\n\t\t\t\t\t<\/div>\n\t\t<\/div>\n\t\t\t\t\t<\/div>\n\t\t<\/section>\n\t\t\t\t<section class=\"elementor-section elementor-top-section elementor-element elementor-element-2f9fa9d elementor-section-boxed elementor-section-height-default elementor-section-height-default\" data-id=\"2f9fa9d\" data-element_type=\"section\" data-e-type=\"section\">\n\t\t\t\t\t\t<div class=\"elementor-container elementor-column-gap-default\">\n\t\t\t\t\t<div class=\"elementor-column elementor-col-33 elementor-top-column elementor-element elementor-element-bd52ba2\" data-id=\"bd52ba2\" data-element_type=\"column\" data-e-type=\"column\">\n\t\t\t<div class=\"elementor-widget-wrap elementor-element-populated\">\n\t\t\t\t\t\t<div class=\"elementor-element elementor-element-10dc531 elementor-widget elementor-widget-text-editor\" data-id=\"10dc531\" data-element_type=\"widget\" data-e-type=\"widget\" data-widget_type=\"text-editor.default\">\n\t\t\t\t<div class=\"elementor-widget-container\">\n\t\t\t\t\t\t\t\t\t<p><strong>Formation de formateurs<\/strong><\/p><p>Accompagner et impliquer les nouveaux collaborateurs dans leur poste \u00a0\u00a0\u00a0avec une p\u00e9dagogie adapt\u00e9e aux situations de travail et pour d\u00e9velopper leur aisance relationnelle<\/p>\t\t\t\t\t\t\t\t<\/div>\n\t\t\t\t<\/div>\n\t\t\t\t\t<\/div>\n\t\t<\/div>\n\t\t\t\t<div class=\"elementor-column elementor-col-33 elementor-top-column elementor-element elementor-element-a3dc971\" data-id=\"a3dc971\" data-element_type=\"column\" data-e-type=\"column\">\n\t\t\t<div class=\"elementor-widget-wrap elementor-element-populated\">\n\t\t\t\t\t\t<div class=\"elementor-element elementor-element-d11f4cb elementor-widget elementor-widget-image\" data-id=\"d11f4cb\" data-element_type=\"widget\" data-e-type=\"widget\" data-widget_type=\"image.default\">\n\t\t\t\t<div class=\"elementor-widget-container\">\n\t\t\t\t\t\t\t\t\t\t\t\t\t\t\t<img decoding=\"async\" width=\"300\" height=\"200\" src=\"https:\/\/letempsduclient.com\/wp-content\/uploads\/2022\/03\/90005685_m-300x200.jpg\" class=\"attachment-medium size-medium wp-image-3316\" alt=\"\" srcset=\"https:\/\/letempsduclient.com\/wp-content\/uploads\/2022\/03\/90005685_m-300x200.jpg 300w, https:\/\/letempsduclient.com\/wp-content\/uploads\/2022\/03\/90005685_m-1024x683.jpg 1024w, https:\/\/letempsduclient.com\/wp-content\/uploads\/2022\/03\/90005685_m-768x512.jpg 768w, https:\/\/letempsduclient.com\/wp-content\/uploads\/2022\/03\/90005685_m-1536x1024.jpg 1536w, https:\/\/letempsduclient.com\/wp-content\/uploads\/2022\/03\/90005685_m-2048x1365.jpg 2048w\" sizes=\"(max-width: 300px) 100vw, 300px\" \/>\t\t\t\t\t\t\t\t\t\t\t\t\t\t\t<\/div>\n\t\t\t\t<\/div>\n\t\t\t\t\t<\/div>\n\t\t<\/div>\n\t\t\t\t<div class=\"elementor-column elementor-col-33 elementor-top-column elementor-element elementor-element-165fdff\" data-id=\"165fdff\" data-element_type=\"column\" data-e-type=\"column\">\n\t\t\t<div class=\"elementor-widget-wrap elementor-element-populated\">\n\t\t\t\t\t\t<div class=\"elementor-element elementor-element-14a0cfc elementor-widget elementor-widget-text-editor\" data-id=\"14a0cfc\" data-element_type=\"widget\" data-e-type=\"widget\" data-widget_type=\"text-editor.default\">\n\t\t\t\t<div class=\"elementor-widget-container\">\n\t\t\t\t\t\t\t\t\t<p><strong><em>Notre mod\u00e8le\u00a0:<\/em><\/strong> <em><br \/><\/em><\/p><p><em>Comprendre\/m\u00e9moriser\/mettre en pratique<\/em><\/p>\t\t\t\t\t\t\t\t<\/div>\n\t\t\t\t<\/div>\n\t\t\t\t\t<\/div>\n\t\t<\/div>\n\t\t\t\t\t<\/div>\n\t\t<\/section>\n\t\t\t\t<section class=\"elementor-section elementor-top-section elementor-element elementor-element-96b7c69 elementor-section-boxed elementor-section-height-default elementor-section-height-default\" data-id=\"96b7c69\" data-element_type=\"section\" data-e-type=\"section\">\n\t\t\t\t\t\t<div class=\"elementor-container elementor-column-gap-default\">\n\t\t\t\t\t<div class=\"elementor-column elementor-col-33 elementor-top-column elementor-element elementor-element-26b9c50\" data-id=\"26b9c50\" data-element_type=\"column\" data-e-type=\"column\">\n\t\t\t<div class=\"elementor-widget-wrap elementor-element-populated\">\n\t\t\t\t\t\t<div class=\"elementor-element elementor-element-4b53b8f elementor-widget elementor-widget-text-editor\" data-id=\"4b53b8f\" data-element_type=\"widget\" data-e-type=\"widget\" data-widget_type=\"text-editor.default\">\n\t\t\t\t<div class=\"elementor-widget-container\">\n\t\t\t\t\t\t\t\t\t<p><strong>Gestion du temps et des priorit\u00e9s<br \/><\/strong><\/p><p>D\u00e9velopper son efficacit\u00e9 professionnelle avec une r\u00e9elle ma\u00eetrise de son agenda, se soustraire a la tyrannie de l &lsquo;urgence et chasser les voleurs de temps<\/p><p>Mieux planifier , \u00e9changer , collaborer avec les outils num\u00e9riques, savoir se rendre disponible<\/p>\t\t\t\t\t\t\t\t<\/div>\n\t\t\t\t<\/div>\n\t\t\t\t\t<\/div>\n\t\t<\/div>\n\t\t\t\t<div class=\"elementor-column elementor-col-33 elementor-top-column elementor-element elementor-element-2e61376\" data-id=\"2e61376\" data-element_type=\"column\" data-e-type=\"column\">\n\t\t\t<div class=\"elementor-widget-wrap elementor-element-populated\">\n\t\t\t\t\t\t<div class=\"elementor-element elementor-element-06d3715 elementor-widget elementor-widget-image\" data-id=\"06d3715\" data-element_type=\"widget\" data-e-type=\"widget\" data-widget_type=\"image.default\">\n\t\t\t\t<div class=\"elementor-widget-container\">\n\t\t\t\t\t\t\t\t\t\t\t\t\t\t\t<img loading=\"lazy\" decoding=\"async\" width=\"300\" height=\"200\" src=\"https:\/\/letempsduclient.com\/wp-content\/uploads\/2023\/04\/G720054777-300x200.jpg\" class=\"attachment-medium size-medium wp-image-3512\" alt=\"\" srcset=\"https:\/\/letempsduclient.com\/wp-content\/uploads\/2023\/04\/G720054777-300x200.jpg 300w, https:\/\/letempsduclient.com\/wp-content\/uploads\/2023\/04\/G720054777-1024x683.jpg 1024w, https:\/\/letempsduclient.com\/wp-content\/uploads\/2023\/04\/G720054777-768x512.jpg 768w, https:\/\/letempsduclient.com\/wp-content\/uploads\/2023\/04\/G720054777-1536x1025.jpg 1536w, https:\/\/letempsduclient.com\/wp-content\/uploads\/2023\/04\/G720054777-2048x1366.jpg 2048w\" sizes=\"(max-width: 300px) 100vw, 300px\" \/>\t\t\t\t\t\t\t\t\t\t\t\t\t\t\t<\/div>\n\t\t\t\t<\/div>\n\t\t\t\t\t<\/div>\n\t\t<\/div>\n\t\t\t\t<div class=\"elementor-column elementor-col-33 elementor-top-column elementor-element elementor-element-243e261\" data-id=\"243e261\" data-element_type=\"column\" data-e-type=\"column\">\n\t\t\t<div class=\"elementor-widget-wrap elementor-element-populated\">\n\t\t\t\t\t\t<div class=\"elementor-element elementor-element-12ebb03 elementor-widget elementor-widget-text-editor\" data-id=\"12ebb03\" data-element_type=\"widget\" data-e-type=\"widget\" data-widget_type=\"text-editor.default\">\n\t\t\t\t<div class=\"elementor-widget-container\">\n\t\t\t\t\t\t\t\t\t<p><strong><em>Notre mod\u00e8le\u00a0:<\/em><\/strong> <em><br \/><\/em><\/p><p><em>les 8 lois du temps, la Matrice des priorit\u00e9s<br \/><\/em><\/p><p><em>et le z\u00e9ro Inbox<br \/><\/em><\/p><p><em>Formations sur mesure 1 ou 2 jours<br \/><\/em><\/p>\t\t\t\t\t\t\t\t<\/div>\n\t\t\t\t<\/div>\n\t\t\t\t\t<\/div>\n\t\t<\/div>\n\t\t\t\t\t<\/div>\n\t\t<\/section>\n\t\t\t\t<\/div>\n\t\t","protected":false},"excerpt":{"rendered":"<p>Nos domaines d\u2019intervention Management Int\u00e9grer la qualit\u00e9 de service dans son Management op\u00e9rationnel pour mobiliser l\u2019ensemble de l\u2019\u00e9quipe dans le cadre du projet de service de l\u2019\u00e9tablissement Notre mod\u00e8le\u00a0: Partager le RIRE\u00a0: Responsabiliser, Informer, Reconnaitre , Evoluer Equipes Prendre plaisir \u00e0 Personnaliser la relation et les attentions offertes aux clients et valoriser les comportements commerciaux [&hellip;]<\/p>\n","protected":false},"author":1,"featured_media":0,"parent":0,"menu_order":0,"comment_status":"closed","ping_status":"closed","template":"","meta":{"footnotes":""},"class_list":["post-3011","page","type-page","status-publish","hentry"],"_links":{"self":[{"href":"https:\/\/letempsduclient.com\/index.php\/wp-json\/wp\/v2\/pages\/3011","targetHints":{"allow":["GET"]}}],"collection":[{"href":"https:\/\/letempsduclient.com\/index.php\/wp-json\/wp\/v2\/pages"}],"about":[{"href":"https:\/\/letempsduclient.com\/index.php\/wp-json\/wp\/v2\/types\/page"}],"author":[{"embeddable":true,"href":"https:\/\/letempsduclient.com\/index.php\/wp-json\/wp\/v2\/users\/1"}],"replies":[{"embeddable":true,"href":"https:\/\/letempsduclient.com\/index.php\/wp-json\/wp\/v2\/comments?post=3011"}],"version-history":[{"count":9,"href":"https:\/\/letempsduclient.com\/index.php\/wp-json\/wp\/v2\/pages\/3011\/revisions"}],"predecessor-version":[{"id":3518,"href":"https:\/\/letempsduclient.com\/index.php\/wp-json\/wp\/v2\/pages\/3011\/revisions\/3518"}],"wp:attachment":[{"href":"https:\/\/letempsduclient.com\/index.php\/wp-json\/wp\/v2\/media?parent=3011"}],"curies":[{"name":"wp","href":"https:\/\/api.w.org\/{rel}","templated":true}]}}