{"id":3000,"date":"2022-02-17T14:56:00","date_gmt":"2022-02-17T13:56:00","guid":{"rendered":"https:\/\/letempsduclient.com\/?page_id=3000"},"modified":"2026-03-03T17:53:13","modified_gmt":"2026-03-03T16:53:13","slug":"accueil-2","status":"publish","type":"page","link":"https:\/\/letempsduclient.com\/","title":{"rendered":"ACCUEIL"},"content":{"rendered":"\t\t<div data-elementor-type=\"wp-page\" data-elementor-id=\"3000\" class=\"elementor elementor-3000\" data-elementor-post-type=\"page\">\n\t\t\t\t\t\t<section class=\"elementor-section elementor-top-section elementor-element elementor-element-d04e828 elementor-section-boxed elementor-section-height-default elementor-section-height-default\" data-id=\"d04e828\" data-element_type=\"section\" data-e-type=\"section\">\n\t\t\t\t\t\t<div class=\"elementor-container elementor-column-gap-default\">\n\t\t\t\t\t<div class=\"elementor-column elementor-col-50 elementor-top-column elementor-element elementor-element-60c0718\" data-id=\"60c0718\" data-element_type=\"column\" data-e-type=\"column\">\n\t\t\t<div class=\"elementor-widget-wrap elementor-element-populated\">\n\t\t\t\t\t\t<div class=\"elementor-element elementor-element-f4f8aa8 elementor-widget elementor-widget-text-editor\" data-id=\"f4f8aa8\" data-element_type=\"widget\" data-e-type=\"widget\" data-widget_type=\"text-editor.default\">\n\t\t\t\t<div class=\"elementor-widget-container\">\n\t\t\t\t\t\t\t\t\t<h2><strong>Notre vision de la relation client<\/strong><\/h2><p>Le client est la personne la plus importante pour l\u2019entreprise, il doit \u00eatre au centre de nos pr\u00e9occupations<\/p><p>Il est de mieux en mieux inform\u00e9, de plus en plus exigeant et de moins en moins fid\u00e8le.<\/p><p>Chaque client est unique, chaque collaborateur est unique, le temps pass\u00e9 avec chaque client est pr\u00e9cieux, Sachons nous donner les moyens d\u2019en faire des instants de qualit\u00e9s que nous partagerons avec lui.<\/p><p>\u00a0Accompagner les \u00e9quipes pour qu\u2019elles prennent plaisir dans la relation client et les fid\u00e9lisent avec des \u00e9motions positives<\/p>\t\t\t\t\t\t\t\t<\/div>\n\t\t\t\t<\/div>\n\t\t\t\t\t<\/div>\n\t\t<\/div>\n\t\t\t\t<div class=\"elementor-column elementor-col-50 elementor-top-column elementor-element elementor-element-93b77f8\" data-id=\"93b77f8\" data-element_type=\"column\" data-e-type=\"column\">\n\t\t\t<div class=\"elementor-widget-wrap elementor-element-populated\">\n\t\t\t\t\t\t<div class=\"elementor-element elementor-element-07c9cb0 elementor-widget elementor-widget-image\" data-id=\"07c9cb0\" data-element_type=\"widget\" data-e-type=\"widget\" data-widget_type=\"image.default\">\n\t\t\t\t<div class=\"elementor-widget-container\">\n\t\t\t\t\t\t\t\t\t\t\t\t\t\t\t<img fetchpriority=\"high\" decoding=\"async\" width=\"800\" height=\"534\" src=\"https:\/\/letempsduclient.com\/wp-content\/uploads\/2022\/03\/20836835_m-1024x683.jpg\" class=\"attachment-large size-large wp-image-3310\" alt=\"\" srcset=\"https:\/\/letempsduclient.com\/wp-content\/uploads\/2022\/03\/20836835_m-1024x683.jpg 1024w, https:\/\/letempsduclient.com\/wp-content\/uploads\/2022\/03\/20836835_m-300x200.jpg 300w, https:\/\/letempsduclient.com\/wp-content\/uploads\/2022\/03\/20836835_m-768x512.jpg 768w, https:\/\/letempsduclient.com\/wp-content\/uploads\/2022\/03\/20836835_m-1536x1024.jpg 1536w, https:\/\/letempsduclient.com\/wp-content\/uploads\/2022\/03\/20836835_m-2048x1365.jpg 2048w\" sizes=\"(max-width: 800px) 100vw, 800px\" \/>\t\t\t\t\t\t\t\t\t\t\t\t\t\t\t<\/div>\n\t\t\t\t<\/div>\n\t\t\t\t\t<\/div>\n\t\t<\/div>\n\t\t\t\t\t<\/div>\n\t\t<\/section>\n\t\t\t\t<section class=\"elementor-section elementor-top-section elementor-element elementor-element-0ec62b2 elementor-section-boxed elementor-section-height-default elementor-section-height-default\" data-id=\"0ec62b2\" data-element_type=\"section\" data-e-type=\"section\">\n\t\t\t\t\t\t<div class=\"elementor-container elementor-column-gap-default\">\n\t\t\t\t\t<div class=\"elementor-column elementor-col-100 elementor-top-column elementor-element elementor-element-13ccf90\" data-id=\"13ccf90\" data-element_type=\"column\" data-e-type=\"column\">\n\t\t\t<div class=\"elementor-widget-wrap elementor-element-populated\">\n\t\t\t\t\t\t<div class=\"elementor-element elementor-element-32ed7e6 elementor-widget elementor-widget-image\" data-id=\"32ed7e6\" data-element_type=\"widget\" data-e-type=\"widget\" data-widget_type=\"image.default\">\n\t\t\t\t<div class=\"elementor-widget-container\">\n\t\t\t\t\t\t\t\t\t\t\t\t\t\t\t<img decoding=\"async\" width=\"1536\" height=\"857\" src=\"https:\/\/letempsduclient.com\/wp-content\/uploads\/2026\/02\/Slide_1771318293306-1536x857.png\" class=\"attachment-1536x1536 size-1536x1536 wp-image-4070\" alt=\"\" srcset=\"https:\/\/letempsduclient.com\/wp-content\/uploads\/2026\/02\/Slide_1771318293306-1536x857.png 1536w, https:\/\/letempsduclient.com\/wp-content\/uploads\/2026\/02\/Slide_1771318293306-300x167.png 300w, https:\/\/letempsduclient.com\/wp-content\/uploads\/2026\/02\/Slide_1771318293306-1024x572.png 1024w, https:\/\/letempsduclient.com\/wp-content\/uploads\/2026\/02\/Slide_1771318293306-768x429.png 768w, https:\/\/letempsduclient.com\/wp-content\/uploads\/2026\/02\/Slide_1771318293306-2048x1143.png 2048w\" sizes=\"(max-width: 1536px) 100vw, 1536px\" \/>\t\t\t\t\t\t\t\t\t\t\t\t\t\t\t<\/div>\n\t\t\t\t<\/div>\n\t\t\t\t<div class=\"elementor-element elementor-element-d6e5dfd elementor-widget elementor-widget-image\" data-id=\"d6e5dfd\" data-element_type=\"widget\" data-e-type=\"widget\" data-widget_type=\"image.default\">\n\t\t\t\t<div class=\"elementor-widget-container\">\n\t\t\t\t\t\t\t\t\t\t\t\t<figure class=\"wp-caption\">\n\t\t\t\t\t\t\t\t\t\t\t<a href=\"https:\/\/letempsduclient.com\/wp-content\/uploads\/2026\/02\/certificat-B02837-2024-12-12T23_00_00Z.pdf\">\n\t\t\t\t\t\t\t<img decoding=\"async\" width=\"300\" height=\"178\" src=\"https:\/\/letempsduclient.com\/wp-content\/uploads\/2023\/04\/qualiopi-1-300x178.jpg\" class=\"attachment-medium size-medium wp-image-3523\" alt=\"\" srcset=\"https:\/\/letempsduclient.com\/wp-content\/uploads\/2023\/04\/qualiopi-1-300x178.jpg 300w, https:\/\/letempsduclient.com\/wp-content\/uploads\/2023\/04\/qualiopi-1-768x457.jpg 768w, https:\/\/letempsduclient.com\/wp-content\/uploads\/2023\/04\/qualiopi-1.jpg 900w\" sizes=\"(max-width: 300px) 100vw, 300px\" \/>\t\t\t\t\t\t\t\t<\/a>\n\t\t\t\t\t\t\t\t\t\t\t<figcaption class=\"widget-image-caption wp-caption-text\">cliquez pour telecharger le certificat<\/figcaption>\n\t\t\t\t\t\t\t\t\t\t<\/figure>\n\t\t\t\t\t\t\t\t\t<\/div>\n\t\t\t\t<\/div>\n\t\t\t\t\t<\/div>\n\t\t<\/div>\n\t\t\t\t\t<\/div>\n\t\t<\/section>\n\t\t\t\t<\/div>\n\t\t","protected":false},"excerpt":{"rendered":"<p>Notre vision de la relation client Le client est la personne la plus importante pour l\u2019entreprise, il doit \u00eatre au centre de nos pr\u00e9occupations Il est de mieux en mieux inform\u00e9, de plus en plus exigeant et de moins en moins fid\u00e8le. Chaque client est unique, chaque collaborateur est unique, le temps pass\u00e9 avec chaque [&hellip;]<\/p>\n","protected":false},"author":1,"featured_media":0,"parent":0,"menu_order":0,"comment_status":"closed","ping_status":"closed","template":"","meta":{"footnotes":""},"class_list":["post-3000","page","type-page","status-publish","hentry"],"_links":{"self":[{"href":"https:\/\/letempsduclient.com\/index.php\/wp-json\/wp\/v2\/pages\/3000","targetHints":{"allow":["GET"]}}],"collection":[{"href":"https:\/\/letempsduclient.com\/index.php\/wp-json\/wp\/v2\/pages"}],"about":[{"href":"https:\/\/letempsduclient.com\/index.php\/wp-json\/wp\/v2\/types\/page"}],"author":[{"embeddable":true,"href":"https:\/\/letempsduclient.com\/index.php\/wp-json\/wp\/v2\/users\/1"}],"replies":[{"embeddable":true,"href":"https:\/\/letempsduclient.com\/index.php\/wp-json\/wp\/v2\/comments?post=3000"}],"version-history":[{"count":48,"href":"https:\/\/letempsduclient.com\/index.php\/wp-json\/wp\/v2\/pages\/3000\/revisions"}],"predecessor-version":[{"id":4081,"href":"https:\/\/letempsduclient.com\/index.php\/wp-json\/wp\/v2\/pages\/3000\/revisions\/4081"}],"wp:attachment":[{"href":"https:\/\/letempsduclient.com\/index.php\/wp-json\/wp\/v2\/media?parent=3000"}],"curies":[{"name":"wp","href":"https:\/\/api.w.org\/{rel}","templated":true}]}}